{"id":1104,"date":"2023-03-04T19:48:36","date_gmt":"2023-03-04T19:48:36","guid":{"rendered":"https:\/\/www.erlebnisakademie.de\/?page_id=1104"},"modified":"2026-03-02T11:35:32","modified_gmt":"2026-03-02T11:35:32","slug":"ferienfreizeiten-2","status":"publish","type":"page","link":"https:\/\/www.erlebnisakademie.de\/index.php\/ferienfreizeiten-2\/","title":{"rendered":"Ferienfreizeiten"},"content":{"rendered":"\t\t<div data-elementor-type=\"wp-page\" data-elementor-id=\"1104\" class=\"elementor elementor-1104\" data-elementor-settings=\"{&quot;ha_cmc_init_switcher&quot;:&quot;no&quot;}\">\n\t\t\t\t\t\t<section class=\"elementor-section elementor-top-section elementor-element elementor-element-24c814cf elementor-section-height-min-height elementor-section-boxed elementor-section-height-default elementor-section-items-middle wpr-particle-no wpr-jarallax-no wpr-parallax-no wpr-sticky-section-no\" data-id=\"24c814cf\" data-element_type=\"section\" data-e-type=\"section\" data-settings=\"{&quot;background_background&quot;:&quot;classic&quot;,&quot;_ha_eqh_enable&quot;:false}\">\n\t\t\t\t\t\t<div class=\"elementor-container elementor-column-gap-default\">\n\t\t\t\t\t<div class=\"elementor-column elementor-col-50 elementor-top-column elementor-element elementor-element-650c81ab\" data-id=\"650c81ab\" data-element_type=\"column\" data-e-type=\"column\">\n\t\t\t<div class=\"elementor-widget-wrap elementor-element-populated\">\n\t\t\t\t\t\t<div class=\"elementor-element elementor-element-3dc02e90 elementor-widget elementor-widget-heading\" data-id=\"3dc02e90\" data-element_type=\"widget\" data-e-type=\"widget\" data-widget_type=\"heading.default\">\n\t\t\t\t<div class=\"elementor-widget-container\">\n\t\t\t\t\t<h2 class=\"elementor-heading-title elementor-size-default\">Ferienfreizeiten<\/h2>\t\t\t\t<\/div>\n\t\t\t\t<\/div>\n\t\t\t\t<div class=\"elementor-element elementor-element-62fb293c elementor-widget elementor-widget-text-editor\" data-id=\"62fb293c\" data-element_type=\"widget\" data-e-type=\"widget\" data-widget_type=\"text-editor.default\">\n\t\t\t\t<div class=\"elementor-widget-container\">\n\t\t\t\t\t\t\t\t\t<p>Ferienlangeweile? Nicht mit uns! In allen Ferien k\u00f6nnt ihr mit uns eine tolle Zeit erleben. Wir bieten Freizeiten zu verschiedenen Themen an und freuen uns, dass viele Kinder immer wieder aufs Neue zu uns kommen.\u00a0<\/p>\t\t\t\t\t\t\t\t<\/div>\n\t\t\t\t<\/div>\n\t\t\t\t\t<\/div>\n\t\t<\/div>\n\t\t\t\t<div class=\"elementor-column elementor-col-50 elementor-top-column elementor-element elementor-element-58909c3f\" data-id=\"58909c3f\" data-element_type=\"column\" data-e-type=\"column\">\n\t\t\t<div class=\"elementor-widget-wrap\">\n\t\t\t\t\t\t\t<\/div>\n\t\t<\/div>\n\t\t\t\t\t<\/div>\n\t\t<\/section>\n\t\t\t\t<section class=\"elementor-section elementor-top-section elementor-element elementor-element-21cc7d94 elementor-section-boxed elementor-section-height-default elementor-section-height-default wpr-particle-no wpr-jarallax-no wpr-parallax-no wpr-sticky-section-no\" data-id=\"21cc7d94\" data-element_type=\"section\" data-e-type=\"section\" data-settings=\"{&quot;background_background&quot;:&quot;classic&quot;,&quot;_ha_eqh_enable&quot;:false}\">\n\t\t\t\t\t\t<div class=\"elementor-container elementor-column-gap-default\">\n\t\t\t\t\t<div class=\"elementor-column elementor-col-50 elementor-top-column elementor-element elementor-element-3db5eba2\" data-id=\"3db5eba2\" data-element_type=\"column\" data-e-type=\"column\">\n\t\t\t<div class=\"elementor-widget-wrap elementor-element-populated\">\n\t\t\t\t\t\t<div class=\"elementor-element elementor-element-674b2513 elementor-widget elementor-widget-text-editor\" data-id=\"674b2513\" data-element_type=\"widget\" data-e-type=\"widget\" data-widget_type=\"text-editor.default\">\n\t\t\t\t<div class=\"elementor-widget-container\">\n\t\t\t\t\t\t\t\t\t<p>In einer\u00a0<b>Zirkuswoche<\/b>\u00a0d\u00fcrft ihr nach Herzenslust alles ausprobieren, was die bunte Zirkuswelt zu bieten hat. Am Ende der Woche k\u00f6nnt ihr eurer Familie oder Freunden in einer tollen Show pr\u00e4sentieren, was ihr gelernt habt. Es\u00a0ist sicher f\u00fcr\u00a0jeden etwas dabei, egal ob ihr eine magische Zauberin oder ein K\u00fcnstler auf dem Drahtseil sein m\u00f6chtet!\u00a0<\/p><div>\u00a0<\/div><div><p>Termine 2026:<\/p><p>\u2022 Sommerferien: 17.08.-21.08. \/ 24.08.-28.08.2026 \/ 31.08.-01.09.2026<\/p><\/div><div>\u2022 Herbstferien: 19.10.-24.10.2026\u00a0 <br \/>\u2022 Weihnachten (Zirkustage) voraussichtlich am 19.\/20. und 23.12.2026<\/div>\t\t\t\t\t\t\t\t<\/div>\n\t\t\t\t<\/div>\n\t\t\t\t<section class=\"elementor-section elementor-inner-section elementor-element elementor-element-49304853 elementor-section-boxed elementor-section-height-default elementor-section-height-default wpr-particle-no wpr-jarallax-no wpr-parallax-no wpr-sticky-section-no\" data-id=\"49304853\" data-element_type=\"section\" data-e-type=\"section\" data-settings=\"{&quot;_ha_eqh_enable&quot;:false}\">\n\t\t\t\t\t\t<div class=\"elementor-container elementor-column-gap-default\">\n\t\t\t\t\t<div class=\"elementor-column elementor-col-50 elementor-inner-column elementor-element elementor-element-14952b71\" data-id=\"14952b71\" data-element_type=\"column\" data-e-type=\"column\">\n\t\t\t<div class=\"elementor-widget-wrap elementor-element-populated\">\n\t\t\t\t\t\t<div class=\"elementor-element elementor-element-23e76d4e elementor-align-left elementor-mobile-align-center elementor-widget elementor-widget-button\" data-id=\"23e76d4e\" data-element_type=\"widget\" data-e-type=\"widget\" data-widget_type=\"button.default\">\n\t\t\t\t<div class=\"elementor-widget-container\">\n\t\t\t\t\t\t\t\t\t<div class=\"elementor-button-wrapper\">\n\t\t\t\t\t<a class=\"elementor-button elementor-button-link elementor-size-md\" href=\"https:\/\/www.erlebnisakademie.de\/index.php\/anmeldung-2\/\">\n\t\t\t\t\t\t<span class=\"elementor-button-content-wrapper\">\n\t\t\t\t\t\t\t\t\t<span class=\"elementor-button-text\">Anmeldungen<\/span>\n\t\t\t\t\t<\/span>\n\t\t\t\t\t<\/a>\n\t\t\t\t<\/div>\n\t\t\t\t\t\t\t\t<\/div>\n\t\t\t\t<\/div>\n\t\t\t\t\t<\/div>\n\t\t<\/div>\n\t\t\t\t<div class=\"elementor-column elementor-col-50 elementor-inner-column elementor-element elementor-element-72d6be3a\" data-id=\"72d6be3a\" data-element_type=\"column\" data-e-type=\"column\">\n\t\t\t<div class=\"elementor-widget-wrap\">\n\t\t\t\t\t\t\t<\/div>\n\t\t<\/div>\n\t\t\t\t\t<\/div>\n\t\t<\/section>\n\t\t\t\t\t<\/div>\n\t\t<\/div>\n\t\t\t\t<div class=\"elementor-column elementor-col-50 elementor-top-column elementor-element elementor-element-70466487\" data-id=\"70466487\" data-element_type=\"column\" data-e-type=\"column\" data-settings=\"{&quot;background_background&quot;:&quot;classic&quot;}\">\n\t\t\t<div class=\"elementor-widget-wrap elementor-element-populated\">\n\t\t\t\t\t\t<div class=\"elementor-element elementor-element-6e65e90c elementor-widget elementor-widget-image\" data-id=\"6e65e90c\" data-element_type=\"widget\" data-e-type=\"widget\" data-widget_type=\"image.default\">\n\t\t\t\t<div class=\"elementor-widget-container\">\n\t\t\t\t\t\t\t\t\t\t\t\t\t\t\t<img fetchpriority=\"high\" decoding=\"async\" width=\"2560\" height=\"1702\" src=\"https:\/\/www.erlebnisakademie.de\/wp-content\/uploads\/manege-1-scaled-1.jpg\" class=\"attachment-full size-full wp-image-876\" alt=\"\" srcset=\"https:\/\/www.erlebnisakademie.de\/wp-content\/uploads\/manege-1-scaled-1.jpg 2560w, https:\/\/www.erlebnisakademie.de\/wp-content\/uploads\/manege-1-scaled-1-300x199.jpg 300w, https:\/\/www.erlebnisakademie.de\/wp-content\/uploads\/manege-1-scaled-1-1024x681.jpg 1024w, https:\/\/www.erlebnisakademie.de\/wp-content\/uploads\/manege-1-scaled-1-1536x1021.jpg 1536w, https:\/\/www.erlebnisakademie.de\/wp-content\/uploads\/manege-1-scaled-1-2048x1362.jpg 2048w\" sizes=\"(max-width: 2560px) 100vw, 2560px\" \/>\t\t\t\t\t\t\t\t\t\t\t\t\t\t\t<\/div>\n\t\t\t\t<\/div>\n\t\t\t\t\t<\/div>\n\t\t<\/div>\n\t\t\t\t\t<\/div>\n\t\t<\/section>\n\t\t\t\t<section class=\"elementor-section elementor-top-section elementor-element elementor-element-405f8042 elementor-hidden-mobile elementor-section-boxed elementor-section-height-default elementor-section-height-default wpr-jarallax-no wpr-parallax-no wpr-sticky-section-no\" data-id=\"405f8042\" data-element_type=\"section\" data-e-type=\"section\" data-settings=\"{&quot;background_background&quot;:&quot;classic&quot;,&quot;_ha_eqh_enable&quot;:false}\">\n\t\t\t\t\t\t<div class=\"elementor-container elementor-column-gap-default\">\n\t\t\t\t\t<div class=\"elementor-column elementor-col-50 elementor-top-column elementor-element elementor-element-784207c1\" data-id=\"784207c1\" data-element_type=\"column\" data-e-type=\"column\" data-settings=\"{&quot;background_background&quot;:&quot;classic&quot;}\">\n\t\t\t<div class=\"elementor-widget-wrap elementor-element-populated\">\n\t\t\t\t\t\t<div class=\"elementor-element elementor-element-4f34f6c5 elementor-widget elementor-widget-image\" data-id=\"4f34f6c5\" data-element_type=\"widget\" data-e-type=\"widget\" data-widget_type=\"image.default\">\n\t\t\t\t<div class=\"elementor-widget-container\">\n\t\t\t\t\t\t\t\t\t\t\t\t\t\t\t<img decoding=\"async\" width=\"1600\" height=\"1200\" src=\"https:\/\/www.erlebnisakademie.de\/wp-content\/uploads\/grafitti.jpg\" class=\"attachment-full size-full wp-image-955\" alt=\"\" srcset=\"https:\/\/www.erlebnisakademie.de\/wp-content\/uploads\/grafitti.jpg 1600w, https:\/\/www.erlebnisakademie.de\/wp-content\/uploads\/grafitti-300x225.jpg 300w, https:\/\/www.erlebnisakademie.de\/wp-content\/uploads\/grafitti-1024x768.jpg 1024w, https:\/\/www.erlebnisakademie.de\/wp-content\/uploads\/grafitti-1536x1152.jpg 1536w\" sizes=\"(max-width: 1600px) 100vw, 1600px\" \/>\t\t\t\t\t\t\t\t\t\t\t\t\t\t\t<\/div>\n\t\t\t\t<\/div>\n\t\t\t\t\t<\/div>\n\t\t<\/div>\n\t\t\t\t<div class=\"elementor-column elementor-col-50 elementor-top-column elementor-element elementor-element-2dda536f\" data-id=\"2dda536f\" data-element_type=\"column\" data-e-type=\"column\">\n\t\t\t<div class=\"elementor-widget-wrap elementor-element-populated\">\n\t\t\t\t\t\t<div class=\"elementor-element elementor-element-2366521a elementor-widget elementor-widget-text-editor\" data-id=\"2366521a\" data-element_type=\"widget\" data-e-type=\"widget\" data-widget_type=\"text-editor.default\">\n\t\t\t\t<div class=\"elementor-widget-container\">\n\t\t\t\t\t\t\t\t\t<p>Wir bieten tolle <strong>Mal- und Kreativkurse<\/strong> mit den beiden Grafik-Designerinnen und K\u00fcnstlerinnen Ina Brandenburg und Svenja Kerzmann an. Der Spa\u00df am Malen und Kreativ-sein soll im Vordergrund stehen und am Ende kann jeder sein eigenes Kunstwerk mit nach Hause nehmen.<\/p><div><p>Termine 2026:<\/p><p>Malkurs Osterferien vom 30.-31.03.2026 <br \/><br \/><\/p><p>Sommerferien:<\/p><p>20.-21.07.2026<\/p><\/div>\t\t\t\t\t\t\t\t<\/div>\n\t\t\t\t<\/div>\n\t\t\t\t<section class=\"elementor-section elementor-inner-section elementor-element elementor-element-298dd91a elementor-section-boxed elementor-section-height-default elementor-section-height-default wpr-particle-no wpr-jarallax-no wpr-parallax-no wpr-sticky-section-no\" data-id=\"298dd91a\" data-element_type=\"section\" data-e-type=\"section\" data-settings=\"{&quot;_ha_eqh_enable&quot;:false}\">\n\t\t\t\t\t\t<div class=\"elementor-container elementor-column-gap-default\">\n\t\t\t\t\t<div class=\"elementor-column elementor-col-50 elementor-inner-column elementor-element elementor-element-614ebc29\" data-id=\"614ebc29\" data-element_type=\"column\" data-e-type=\"column\">\n\t\t\t<div class=\"elementor-widget-wrap elementor-element-populated\">\n\t\t\t\t\t\t<div class=\"elementor-element elementor-element-56e03e20 elementor-align-left elementor-mobile-align-center elementor-widget elementor-widget-button\" data-id=\"56e03e20\" data-element_type=\"widget\" data-e-type=\"widget\" data-widget_type=\"button.default\">\n\t\t\t\t<div class=\"elementor-widget-container\">\n\t\t\t\t\t\t\t\t\t<div class=\"elementor-button-wrapper\">\n\t\t\t\t\t<a class=\"elementor-button elementor-button-link elementor-size-md\" href=\"https:\/\/www.erlebnisakademie.de\/index.php\/anmeldung-2\/\">\n\t\t\t\t\t\t<span class=\"elementor-button-content-wrapper\">\n\t\t\t\t\t\t\t\t\t<span class=\"elementor-button-text\">Anmeldungen<\/span>\n\t\t\t\t\t<\/span>\n\t\t\t\t\t<\/a>\n\t\t\t\t<\/div>\n\t\t\t\t\t\t\t\t<\/div>\n\t\t\t\t<\/div>\n\t\t\t\t\t<\/div>\n\t\t<\/div>\n\t\t\t\t<div class=\"elementor-column elementor-col-50 elementor-inner-column elementor-element elementor-element-391fbf2d\" data-id=\"391fbf2d\" data-element_type=\"column\" data-e-type=\"column\">\n\t\t\t<div class=\"elementor-widget-wrap\">\n\t\t\t\t\t\t\t<\/div>\n\t\t<\/div>\n\t\t\t\t\t<\/div>\n\t\t<\/section>\n\t\t\t\t\t<\/div>\n\t\t<\/div>\n\t\t\t\t\t<\/div>\n\t\t<\/section>\n\t\t\t\t<section class=\"elementor-section elementor-top-section elementor-element elementor-element-5e339354 elementor-hidden-desktop elementor-hidden-tablet elementor-section-boxed elementor-section-height-default elementor-section-height-default wpr-jarallax-no wpr-parallax-no wpr-sticky-section-no\" data-id=\"5e339354\" data-element_type=\"section\" data-e-type=\"section\" data-settings=\"{&quot;background_background&quot;:&quot;classic&quot;,&quot;_ha_eqh_enable&quot;:false}\">\n\t\t\t\t\t\t<div class=\"elementor-container elementor-column-gap-default\">\n\t\t\t\t\t<div class=\"elementor-column elementor-col-50 elementor-top-column elementor-element elementor-element-300cd86d\" data-id=\"300cd86d\" data-element_type=\"column\" data-e-type=\"column\" data-settings=\"{&quot;background_background&quot;:&quot;classic&quot;}\">\n\t\t\t<div class=\"elementor-widget-wrap elementor-element-populated\">\n\t\t\t\t\t\t<div class=\"elementor-element elementor-element-1ee0cfb4 elementor-widget elementor-widget-image\" data-id=\"1ee0cfb4\" data-element_type=\"widget\" data-e-type=\"widget\" data-widget_type=\"image.default\">\n\t\t\t\t<div class=\"elementor-widget-container\">\n\t\t\t\t\t\t\t\t\t\t\t\t\t\t\t<img decoding=\"async\" width=\"1600\" height=\"1200\" src=\"https:\/\/www.erlebnisakademie.de\/wp-content\/uploads\/grafitti.jpg\" class=\"attachment-full size-full wp-image-955\" alt=\"\" srcset=\"https:\/\/www.erlebnisakademie.de\/wp-content\/uploads\/grafitti.jpg 1600w, https:\/\/www.erlebnisakademie.de\/wp-content\/uploads\/grafitti-300x225.jpg 300w, https:\/\/www.erlebnisakademie.de\/wp-content\/uploads\/grafitti-1024x768.jpg 1024w, https:\/\/www.erlebnisakademie.de\/wp-content\/uploads\/grafitti-1536x1152.jpg 1536w\" sizes=\"(max-width: 1600px) 100vw, 1600px\" \/>\t\t\t\t\t\t\t\t\t\t\t\t\t\t\t<\/div>\n\t\t\t\t<\/div>\n\t\t\t\t\t<\/div>\n\t\t<\/div>\n\t\t\t\t<div class=\"elementor-column elementor-col-50 elementor-top-column elementor-element elementor-element-2702f779\" data-id=\"2702f779\" data-element_type=\"column\" data-e-type=\"column\">\n\t\t\t<div class=\"elementor-widget-wrap elementor-element-populated\">\n\t\t\t\t\t\t<div class=\"elementor-element elementor-element-7f45896f elementor-widget elementor-widget-text-editor\" data-id=\"7f45896f\" data-element_type=\"widget\" data-e-type=\"widget\" data-widget_type=\"text-editor.default\">\n\t\t\t\t<div class=\"elementor-widget-container\">\n\t\t\t\t\t\t\t\t\t<p>In der\u00a0<b>Kreativwerkstatt\u00a0<\/b>wird gepinselt, ges\u00e4gt und geh\u00e4mmert! Wir lassen uns immer tolle kreative Projekte einfallen und passen nat\u00fcrlich auf, dass alle Finger dran bleiben!<\/p>\t\t\t\t\t\t\t\t<\/div>\n\t\t\t\t<\/div>\n\t\t\t\t<section class=\"elementor-section elementor-inner-section elementor-element elementor-element-6e965236 elementor-section-boxed elementor-section-height-default elementor-section-height-default wpr-particle-no wpr-jarallax-no wpr-parallax-no wpr-sticky-section-no\" data-id=\"6e965236\" data-element_type=\"section\" data-e-type=\"section\" data-settings=\"{&quot;_ha_eqh_enable&quot;:false}\">\n\t\t\t\t\t\t<div class=\"elementor-container elementor-column-gap-default\">\n\t\t\t\t\t<div class=\"elementor-column elementor-col-50 elementor-inner-column elementor-element elementor-element-7ea291ce\" data-id=\"7ea291ce\" data-element_type=\"column\" data-e-type=\"column\">\n\t\t\t<div class=\"elementor-widget-wrap elementor-element-populated\">\n\t\t\t\t\t\t<div class=\"elementor-element elementor-element-21eb3edc elementor-align-left elementor-mobile-align-center elementor-widget elementor-widget-button\" data-id=\"21eb3edc\" data-element_type=\"widget\" data-e-type=\"widget\" data-widget_type=\"button.default\">\n\t\t\t\t<div class=\"elementor-widget-container\">\n\t\t\t\t\t\t\t\t\t<div class=\"elementor-button-wrapper\">\n\t\t\t\t\t<a class=\"elementor-button elementor-button-link elementor-size-md\" href=\"https:\/\/www.erlebnisakademie.de\/index.php\/anmeldung-2\/\">\n\t\t\t\t\t\t<span class=\"elementor-button-content-wrapper\">\n\t\t\t\t\t\t\t\t\t<span class=\"elementor-button-text\">Anmeldungen<\/span>\n\t\t\t\t\t<\/span>\n\t\t\t\t\t<\/a>\n\t\t\t\t<\/div>\n\t\t\t\t\t\t\t\t<\/div>\n\t\t\t\t<\/div>\n\t\t\t\t\t<\/div>\n\t\t<\/div>\n\t\t\t\t<div class=\"elementor-column elementor-col-50 elementor-inner-column elementor-element elementor-element-290312c4\" data-id=\"290312c4\" data-element_type=\"column\" data-e-type=\"column\">\n\t\t\t<div class=\"elementor-widget-wrap\">\n\t\t\t\t\t\t\t<\/div>\n\t\t<\/div>\n\t\t\t\t\t<\/div>\n\t\t<\/section>\n\t\t\t\t\t<\/div>\n\t\t<\/div>\n\t\t\t\t\t<\/div>\n\t\t<\/section>\n\t\t\t\t<section class=\"elementor-section elementor-top-section elementor-element elementor-element-2d95210b elementor-section-boxed elementor-section-height-default elementor-section-height-default wpr-particle-no wpr-jarallax-no wpr-parallax-no wpr-sticky-section-no\" data-id=\"2d95210b\" data-element_type=\"section\" data-e-type=\"section\" data-settings=\"{&quot;background_background&quot;:&quot;classic&quot;,&quot;_ha_eqh_enable&quot;:false}\">\n\t\t\t\t\t\t<div class=\"elementor-container elementor-column-gap-default\">\n\t\t\t\t\t<div class=\"elementor-column elementor-col-50 elementor-top-column elementor-element elementor-element-66d0a00b\" data-id=\"66d0a00b\" data-element_type=\"column\" data-e-type=\"column\">\n\t\t\t<div class=\"elementor-widget-wrap elementor-element-populated\">\n\t\t\t\t\t\t<div class=\"elementor-element elementor-element-138043e1 elementor-widget elementor-widget-text-editor\" data-id=\"138043e1\" data-element_type=\"widget\" data-e-type=\"widget\" data-widget_type=\"text-editor.default\">\n\t\t\t\t<div class=\"elementor-widget-container\">\n\t\t\t\t\t\t\t\t\t<p>In unserer <b>Waldwoche bzw. unseren Waldtagen<\/b> geht es raus in die Natur. Sch\u00e4tze suchen, den Bach erkunden oder auf der Slackline den Atem anhalten, frische Luft und\u00a0Abenteuer machen gl\u00fccklich und stark!\u00a0<\/p><p>(noch keine aktuellen Termine)<\/p>\t\t\t\t\t\t\t\t<\/div>\n\t\t\t\t<\/div>\n\t\t\t\t<section class=\"elementor-section elementor-inner-section elementor-element elementor-element-75927d31 elementor-section-boxed elementor-section-height-default elementor-section-height-default wpr-particle-no wpr-jarallax-no wpr-parallax-no wpr-sticky-section-no\" data-id=\"75927d31\" data-element_type=\"section\" data-e-type=\"section\" data-settings=\"{&quot;_ha_eqh_enable&quot;:false}\">\n\t\t\t\t\t\t<div class=\"elementor-container elementor-column-gap-default\">\n\t\t\t\t\t<div class=\"elementor-column elementor-col-50 elementor-inner-column elementor-element elementor-element-50b1a93a\" data-id=\"50b1a93a\" data-element_type=\"column\" data-e-type=\"column\">\n\t\t\t<div class=\"elementor-widget-wrap elementor-element-populated\">\n\t\t\t\t\t\t<div class=\"elementor-element elementor-element-24d98e51 elementor-align-left elementor-mobile-align-center elementor-widget elementor-widget-button\" data-id=\"24d98e51\" data-element_type=\"widget\" data-e-type=\"widget\" data-widget_type=\"button.default\">\n\t\t\t\t<div class=\"elementor-widget-container\">\n\t\t\t\t\t\t\t\t\t<div class=\"elementor-button-wrapper\">\n\t\t\t\t\t<a class=\"elementor-button elementor-button-link elementor-size-md\" href=\"https:\/\/www.erlebnisakademie.de\/index.php\/anmeldung-2\/\">\n\t\t\t\t\t\t<span class=\"elementor-button-content-wrapper\">\n\t\t\t\t\t\t\t\t\t<span class=\"elementor-button-text\">Anmeldungen<\/span>\n\t\t\t\t\t<\/span>\n\t\t\t\t\t<\/a>\n\t\t\t\t<\/div>\n\t\t\t\t\t\t\t\t<\/div>\n\t\t\t\t<\/div>\n\t\t\t\t\t<\/div>\n\t\t<\/div>\n\t\t\t\t<div class=\"elementor-column elementor-col-50 elementor-inner-column elementor-element elementor-element-77525140\" data-id=\"77525140\" data-element_type=\"column\" data-e-type=\"column\">\n\t\t\t<div class=\"elementor-widget-wrap\">\n\t\t\t\t\t\t\t<\/div>\n\t\t<\/div>\n\t\t\t\t\t<\/div>\n\t\t<\/section>\n\t\t\t\t\t<\/div>\n\t\t<\/div>\n\t\t\t\t<div class=\"elementor-column elementor-col-50 elementor-top-column elementor-element elementor-element-24357e53\" data-id=\"24357e53\" data-element_type=\"column\" data-e-type=\"column\" data-settings=\"{&quot;background_background&quot;:&quot;classic&quot;}\">\n\t\t\t<div class=\"elementor-widget-wrap elementor-element-populated\">\n\t\t\t\t\t\t<div class=\"elementor-element elementor-element-427c29c6 elementor-widget elementor-widget-image\" data-id=\"427c29c6\" data-element_type=\"widget\" data-e-type=\"widget\" data-widget_type=\"image.default\">\n\t\t\t\t<div class=\"elementor-widget-container\">\n\t\t\t\t\t\t\t\t\t\t\t\t\t\t\t<img decoding=\"async\" width=\"902\" height=\"600\" src=\"https:\/\/www.erlebnisakademie.de\/wp-content\/uploads\/waldgruppe_bach.jpg\" class=\"attachment-full size-full wp-image-1222\" alt=\"\" srcset=\"https:\/\/www.erlebnisakademie.de\/wp-content\/uploads\/waldgruppe_bach.jpg 902w, https:\/\/www.erlebnisakademie.de\/wp-content\/uploads\/waldgruppe_bach-300x200.jpg 300w\" sizes=\"(max-width: 902px) 100vw, 902px\" \/>\t\t\t\t\t\t\t\t\t\t\t\t\t\t\t<\/div>\n\t\t\t\t<\/div>\n\t\t\t\t\t<\/div>\n\t\t<\/div>\n\t\t\t\t\t<\/div>\n\t\t<\/section>\n\t\t\t\t<\/div>\n\t\t","protected":false},"excerpt":{"rendered":"<p>Ferienfreizeiten Ferienlangeweile? Nicht mit uns! In allen Ferien k\u00f6nnt ihr mit uns eine tolle Zeit erleben. Wir bieten Freizeiten zu verschiedenen Themen an und freuen uns, dass viele Kinder immer wieder aufs Neue zu uns kommen.\u00a0 In einer\u00a0Zirkuswoche\u00a0d\u00fcrft ihr nach Herzenslust alles ausprobieren, was die bunte Zirkuswelt zu bieten hat. Am Ende der Woche k\u00f6nnt ihr eurer Familie oder Freunden in einer tollen Show pr\u00e4sentieren, was ihr gelernt habt. Es\u00a0ist sicher f\u00fcr\u00a0jeden etwas dabei, egal ob ihr eine magische Zauberin oder ein K\u00fcnstler auf dem Drahtseil sein m\u00f6chtet!\u00a0 \u00a0 Termine 2026: \u2022 Sommerferien: 17.08.-21.08. \/ 24.08.-28.08.2026 \/ 31.08.-01.09.2026 \u2022 Herbstferien: 19.10.-24.10.2026\u00a0 \u2022 Weihnachten (Zirkustage) voraussichtlich am 19.\/20. und 23.12.2026 Anmeldungen Wir bieten tolle Mal- und Kreativkurse mit den beiden Grafik-Designerinnen und K\u00fcnstlerinnen Ina Brandenburg und Svenja Kerzmann an. Der Spa\u00df am Malen und Kreativ-sein soll im Vordergrund stehen und am Ende kann jeder sein eigenes Kunstwerk mit nach Hause nehmen. Termine 2026: Malkurs Osterferien vom 30.-31.03.2026 Sommerferien: 20.-21.07.2026 Anmeldungen In der\u00a0Kreativwerkstatt\u00a0wird gepinselt, ges\u00e4gt und geh\u00e4mmert! Wir lassen uns immer tolle kreative Projekte einfallen und passen nat\u00fcrlich auf, dass alle Finger dran bleiben! Anmeldungen In unserer Waldwoche bzw. unseren Waldtagen geht es raus in die Natur. Sch\u00e4tze suchen, den Bach erkunden oder auf der Slackline den Atem anhalten, frische Luft und\u00a0Abenteuer machen gl\u00fccklich und stark!\u00a0 (noch keine aktuellen Termine) Anmeldungen<\/p>\n","protected":false},"author":2,"featured_media":0,"parent":0,"menu_order":0,"comment_status":"closed","ping_status":"closed","template":"","meta":{"footnotes":""},"class_list":["post-1104","page","type-page","status-publish","hentry"],"_links":{"self":[{"href":"https:\/\/www.erlebnisakademie.de\/index.php\/wp-json\/wp\/v2\/pages\/1104","targetHints":{"allow":["GET"]}}],"collection":[{"href":"https:\/\/www.erlebnisakademie.de\/index.php\/wp-json\/wp\/v2\/pages"}],"about":[{"href":"https:\/\/www.erlebnisakademie.de\/index.php\/wp-json\/wp\/v2\/types\/page"}],"author":[{"embeddable":true,"href":"https:\/\/www.erlebnisakademie.de\/index.php\/wp-json\/wp\/v2\/users\/2"}],"replies":[{"embeddable":true,"href":"https:\/\/www.erlebnisakademie.de\/index.php\/wp-json\/wp\/v2\/comments?post=1104"}],"version-history":[{"count":44,"href":"https:\/\/www.erlebnisakademie.de\/index.php\/wp-json\/wp\/v2\/pages\/1104\/revisions"}],"predecessor-version":[{"id":1663,"href":"https:\/\/www.erlebnisakademie.de\/index.php\/wp-json\/wp\/v2\/pages\/1104\/revisions\/1663"}],"wp:attachment":[{"href":"https:\/\/www.erlebnisakademie.de\/index.php\/wp-json\/wp\/v2\/media?parent=1104"}],"curies":[{"name":"wp","href":"https:\/\/api.w.org\/{rel}","templated":true}]}}