{"id":1109,"date":"2023-03-04T19:50:23","date_gmt":"2023-03-04T19:50:23","guid":{"rendered":"https:\/\/www.erlebnisakademie.de\/?page_id=1109"},"modified":"2024-06-03T10:14:37","modified_gmt":"2024-06-03T10:14:37","slug":"kindergeburtstage","status":"publish","type":"page","link":"https:\/\/www.erlebnisakademie.de\/index.php\/kindergeburtstage\/","title":{"rendered":"Kindergeburtstage"},"content":{"rendered":"\t\t<div data-elementor-type=\"wp-page\" data-elementor-id=\"1109\" class=\"elementor elementor-1109\" data-elementor-settings=\"{&quot;ha_cmc_init_switcher&quot;:&quot;no&quot;}\">\n\t\t\t\t\t\t<section class=\"elementor-section elementor-top-section elementor-element elementor-element-196dff13 elementor-section-height-min-height elementor-section-boxed elementor-section-height-default elementor-section-items-middle wpr-particle-no wpr-jarallax-no wpr-parallax-no wpr-sticky-section-no\" data-id=\"196dff13\" data-element_type=\"section\" data-e-type=\"section\" data-settings=\"{&quot;background_background&quot;:&quot;classic&quot;,&quot;_ha_eqh_enable&quot;:false}\">\n\t\t\t\t\t\t<div class=\"elementor-container elementor-column-gap-default\">\n\t\t\t\t\t<div class=\"elementor-column elementor-col-50 elementor-top-column elementor-element elementor-element-30778b32\" data-id=\"30778b32\" data-element_type=\"column\" data-e-type=\"column\">\n\t\t\t<div class=\"elementor-widget-wrap elementor-element-populated\">\n\t\t\t\t\t\t<div class=\"elementor-element elementor-element-5664dca1 elementor-widget elementor-widget-heading\" data-id=\"5664dca1\" data-element_type=\"widget\" data-e-type=\"widget\" data-widget_type=\"heading.default\">\n\t\t\t\t<div class=\"elementor-widget-container\">\n\t\t\t\t\t<h2 class=\"elementor-heading-title elementor-size-default\">Kindergeburtstage<\/h2>\t\t\t\t<\/div>\n\t\t\t\t<\/div>\n\t\t\t\t<div class=\"elementor-element elementor-element-207e7b0 elementor-widget elementor-widget-text-editor\" data-id=\"207e7b0\" data-element_type=\"widget\" data-e-type=\"widget\" data-widget_type=\"text-editor.default\">\n\t\t\t\t<div class=\"elementor-widget-container\">\n\t\t\t\t\t\t\t\t\tProgramme f\u00fcr kleine Gruppen und Kindergeburtstage\t\t\t\t\t\t\t\t<\/div>\n\t\t\t\t<\/div>\n\t\t\t\t\t<\/div>\n\t\t<\/div>\n\t\t\t\t<div class=\"elementor-column elementor-col-50 elementor-top-column elementor-element elementor-element-524c1896\" data-id=\"524c1896\" data-element_type=\"column\" data-e-type=\"column\">\n\t\t\t<div class=\"elementor-widget-wrap\">\n\t\t\t\t\t\t\t<\/div>\n\t\t<\/div>\n\t\t\t\t\t<\/div>\n\t\t<\/section>\n\t\t\t\t<section class=\"elementor-section elementor-top-section elementor-element elementor-element-21e37de5 elementor-section-boxed elementor-section-height-default elementor-section-height-default wpr-particle-no wpr-jarallax-no wpr-parallax-no wpr-sticky-section-no\" data-id=\"21e37de5\" data-element_type=\"section\" data-e-type=\"section\" data-settings=\"{&quot;background_background&quot;:&quot;classic&quot;,&quot;_ha_eqh_enable&quot;:false}\">\n\t\t\t\t\t\t<div class=\"elementor-container elementor-column-gap-default\">\n\t\t\t\t\t<div class=\"elementor-column elementor-col-50 elementor-top-column elementor-element elementor-element-57bd2b18\" data-id=\"57bd2b18\" data-element_type=\"column\" data-e-type=\"column\">\n\t\t\t<div class=\"elementor-widget-wrap elementor-element-populated\">\n\t\t\t\t\t\t<div class=\"elementor-element elementor-element-52ae43b9 elementor-widget elementor-widget-heading\" data-id=\"52ae43b9\" data-element_type=\"widget\" data-e-type=\"widget\" data-widget_type=\"heading.default\">\n\t\t\t\t<div class=\"elementor-widget-container\">\n\t\t\t\t\t<h2 class=\"elementor-heading-title elementor-size-default\">Kleiner Zirkus<\/h2>\t\t\t\t<\/div>\n\t\t\t\t<\/div>\n\t\t\t\t<div class=\"elementor-element elementor-element-38de06aa elementor-widget elementor-widget-text-editor\" data-id=\"38de06aa\" data-element_type=\"widget\" data-e-type=\"widget\" data-widget_type=\"text-editor.default\">\n\t\t\t\t<div class=\"elementor-widget-container\">\n\t\t\t\t\t\t\t\t\t<p>F\u00fcr Kindergeburtstage oder andere Feste mit bis zu 12 Teilnehmern bieten wir unser Programm\u00a0<strong>Kleiner Zirkus<\/strong>\u00a0mit einem Zirkustrainer und 1 \u00bd Stunden Mitmach-Programm (gr\u00f6\u00dfere Gruppen oder andere Zeitr\u00e4ume auf Anfrage). Die Programminhalte sind flexibel, je nach Alter und Interesse der Gruppe. Es gibt die M\u00f6glichkeit in die K\u00fcnste \u201cTellerdrehen\u201d, \u201cJonglage\u201d, \u201cFakirtricks\u201d, \u201cPyramiden\u201d, \u201cDiabolo\u201d und vieles mehr hineinzuschnuppern und tolle Tricks zu erlernen! Der kleine Zirkus passt in jedes Wohnzimmer oder auch in den Garten.<\/p>\t\t\t\t\t\t\t\t<\/div>\n\t\t\t\t<\/div>\n\t\t\t\t\t<\/div>\n\t\t<\/div>\n\t\t\t\t<div class=\"elementor-column elementor-col-50 elementor-top-column elementor-element elementor-element-1dc60ac4\" data-id=\"1dc60ac4\" data-element_type=\"column\" data-e-type=\"column\" data-settings=\"{&quot;background_background&quot;:&quot;classic&quot;}\">\n\t\t\t<div class=\"elementor-widget-wrap elementor-element-populated\">\n\t\t\t\t\t\t<div class=\"elementor-element elementor-element-188aa57d elementor-widget elementor-widget-image\" data-id=\"188aa57d\" data-element_type=\"widget\" data-e-type=\"widget\" data-widget_type=\"image.default\">\n\t\t\t\t<div class=\"elementor-widget-container\">\n\t\t\t\t\t\t\t\t\t\t\t\t\t\t\t<img fetchpriority=\"high\" decoding=\"async\" width=\"2560\" height=\"1702\" src=\"https:\/\/www.erlebnisakademie.de\/wp-content\/uploads\/manege-1-scaled-1.jpg\" class=\"attachment-full size-full wp-image-876\" alt=\"\" srcset=\"https:\/\/www.erlebnisakademie.de\/wp-content\/uploads\/manege-1-scaled-1.jpg 2560w, https:\/\/www.erlebnisakademie.de\/wp-content\/uploads\/manege-1-scaled-1-300x199.jpg 300w, https:\/\/www.erlebnisakademie.de\/wp-content\/uploads\/manege-1-scaled-1-1024x681.jpg 1024w, https:\/\/www.erlebnisakademie.de\/wp-content\/uploads\/manege-1-scaled-1-1536x1021.jpg 1536w, https:\/\/www.erlebnisakademie.de\/wp-content\/uploads\/manege-1-scaled-1-2048x1362.jpg 2048w\" sizes=\"(max-width: 2560px) 100vw, 2560px\" \/>\t\t\t\t\t\t\t\t\t\t\t\t\t\t\t<\/div>\n\t\t\t\t<\/div>\n\t\t\t\t\t<\/div>\n\t\t<\/div>\n\t\t\t\t\t<\/div>\n\t\t<\/section>\n\t\t\t\t<section data-wpr-particles=\"{&quot;particles&quot;:{&quot;number&quot;:{&quot;value&quot;:80,&quot;density&quot;:{&quot;enable&quot;:true,&quot;value_area&quot;:800}},&quot;color&quot;:{&quot;value&quot;:&quot;#000000&quot;},&quot;shape&quot;:{&quot;type&quot;:&quot;circle&quot;,&quot;stroke&quot;:{&quot;width&quot;:0,&quot;color&quot;:&quot;#000000&quot;},&quot;polygon&quot;:{&quot;nb_sides&quot;:5},&quot;image&quot;:{&quot;src&quot;:&quot;img\/github.svg&quot;,&quot;width&quot;:100,&quot;height&quot;:100}},&quot;opacity&quot;:{&quot;value&quot;:0.5,&quot;random&quot;:false,&quot;anim&quot;:{&quot;enable&quot;:false,&quot;speed&quot;:1,&quot;opacity_min&quot;:0.1,&quot;sync&quot;:false}},&quot;size&quot;:{&quot;value&quot;:3,&quot;random&quot;:true,&quot;anim&quot;:{&quot;enable&quot;:false,&quot;speed&quot;:40,&quot;size_min&quot;:0.1,&quot;sync&quot;:false}},&quot;line_linked&quot;:{&quot;enable&quot;:true,&quot;distance&quot;:150,&quot;color&quot;:&quot;#000000&quot;,&quot;opacity&quot;:0.4,&quot;width&quot;:1},&quot;move&quot;:{&quot;enable&quot;:true,&quot;speed&quot;:6,&quot;direction&quot;:&quot;none&quot;,&quot;random&quot;:false,&quot;straight&quot;:false,&quot;out_mode&quot;:&quot;out&quot;,&quot;bounce&quot;:false,&quot;attract&quot;:{&quot;enable&quot;:false,&quot;rotateX&quot;:600,&quot;rotateY&quot;:1200}}},&quot;interactivity&quot;:{&quot;detect_on&quot;:&quot;window&quot;,&quot;events&quot;:{&quot;onhover&quot;:{&quot;enable&quot;:true,&quot;mode&quot;:&quot;repulse&quot;},&quot;onclick&quot;:{&quot;enable&quot;:true,&quot;mode&quot;:&quot;push&quot;},&quot;resize&quot;:true},&quot;modes&quot;:{&quot;grab&quot;:{&quot;distance&quot;:400,&quot;line_linked&quot;:{&quot;opacity&quot;:1}},&quot;bubble&quot;:{&quot;distance&quot;:400,&quot;size&quot;:40,&quot;duration&quot;:2,&quot;opacity&quot;:8,&quot;speed&quot;:3},&quot;repulse&quot;:{&quot;distance&quot;:200,&quot;duration&quot;:0.4},&quot;push&quot;:{&quot;particles_nb&quot;:4},&quot;remove&quot;:{&quot;particles_nb&quot;:2}}},&quot;retina_detect&quot;:true}\" particle-source=\"wpr_particle_json_custom\" class=\"elementor-section elementor-top-section elementor-element elementor-element-76e36d8a wpr-particle-yes elementor-hidden-mobile elementor-section-boxed elementor-section-height-default elementor-section-height-default wpr-jarallax-no wpr-parallax-no wpr-sticky-section-no\" data-id=\"76e36d8a\" data-element_type=\"section\" data-e-type=\"section\" data-settings=\"{&quot;background_background&quot;:&quot;classic&quot;,&quot;_ha_eqh_enable&quot;:false}\">\n\t\t\t\t\t\t<div class=\"elementor-container elementor-column-gap-default\">\n\t\t\t\t\t<div class=\"elementor-column elementor-col-50 elementor-top-column elementor-element elementor-element-2e5f4f80\" data-id=\"2e5f4f80\" data-element_type=\"column\" data-e-type=\"column\" data-settings=\"{&quot;background_background&quot;:&quot;classic&quot;}\">\n\t\t\t<div class=\"elementor-widget-wrap elementor-element-populated\">\n\t\t\t\t\t\t<div class=\"elementor-element elementor-element-223935f3 elementor-widget elementor-widget-image\" data-id=\"223935f3\" data-element_type=\"widget\" data-e-type=\"widget\" data-widget_type=\"image.default\">\n\t\t\t\t<div class=\"elementor-widget-container\">\n\t\t\t\t\t\t\t\t\t\t\t\t\t\t\t<img decoding=\"async\" width=\"2118\" height=\"1412\" src=\"https:\/\/www.erlebnisakademie.de\/wp-content\/uploads\/DSC05197-zauberer-kasten.jpg\" class=\"attachment-full size-full wp-image-864\" alt=\"\" srcset=\"https:\/\/www.erlebnisakademie.de\/wp-content\/uploads\/DSC05197-zauberer-kasten.jpg 2118w, https:\/\/www.erlebnisakademie.de\/wp-content\/uploads\/DSC05197-zauberer-kasten-300x200.jpg 300w, https:\/\/www.erlebnisakademie.de\/wp-content\/uploads\/DSC05197-zauberer-kasten-1024x683.jpg 1024w, https:\/\/www.erlebnisakademie.de\/wp-content\/uploads\/DSC05197-zauberer-kasten-1536x1024.jpg 1536w, https:\/\/www.erlebnisakademie.de\/wp-content\/uploads\/DSC05197-zauberer-kasten-2048x1365.jpg 2048w\" sizes=\"(max-width: 2118px) 100vw, 2118px\" \/>\t\t\t\t\t\t\t\t\t\t\t\t\t\t\t<\/div>\n\t\t\t\t<\/div>\n\t\t\t\t\t<\/div>\n\t\t<\/div>\n\t\t\t\t<div class=\"elementor-column elementor-col-50 elementor-top-column elementor-element elementor-element-611be8bb\" data-id=\"611be8bb\" data-element_type=\"column\" data-e-type=\"column\">\n\t\t\t<div class=\"elementor-widget-wrap elementor-element-populated\">\n\t\t\t\t\t\t<div class=\"elementor-element elementor-element-275222aa elementor-widget elementor-widget-heading\" data-id=\"275222aa\" data-element_type=\"widget\" data-e-type=\"widget\" data-widget_type=\"heading.default\">\n\t\t\t\t<div class=\"elementor-widget-container\">\n\t\t\t\t\t<h2 class=\"elementor-heading-title elementor-size-default\">Zaubergeburtstag<\/h2>\t\t\t\t<\/div>\n\t\t\t\t<\/div>\n\t\t\t\t<div class=\"elementor-element elementor-element-2e5a9188 elementor-widget elementor-widget-text-editor\" data-id=\"2e5a9188\" data-element_type=\"widget\" data-e-type=\"widget\" data-widget_type=\"text-editor.default\">\n\t\t\t\t<div class=\"elementor-widget-container\">\n\t\t\t\t\t\t\t\t\t<p>Bei unserem Zaubergeburtstag f\u00fcr bis zu 12 Kinder (gr\u00f6\u00dfere Gruppen auf Anfrage) k\u00f6nnen sich die kleinen G\u00e4ste (wir empfehlen ein Alter von 6-11 Jahren) verzaubern lassen. In dieser Zaubershow geht einiges \u201cschief\u201d und die Mithilfe der Kinder ist gefragt. Die Dauer der Vorstellung betr\u00e4gt 60 Minuten. Kontaktieren Sie uns gerne, wenn Sie sich f\u00fcr ein Kindergeburtstagsprogramm interessieren und ein Angebot oder n\u00e4here Infos w\u00fcnschen.<\/p>\t\t\t\t\t\t\t\t<\/div>\n\t\t\t\t<\/div>\n\t\t\t\t\t<\/div>\n\t\t<\/div>\n\t\t\t\t\t<\/div>\n\t\t<\/section>\n\t\t\t\t<section class=\"elementor-section elementor-top-section elementor-element elementor-element-1fa12be4 elementor-hidden-desktop elementor-hidden-tablet elementor-section-boxed elementor-section-height-default elementor-section-height-default wpr-jarallax-no wpr-parallax-no wpr-sticky-section-no\" data-id=\"1fa12be4\" data-element_type=\"section\" data-e-type=\"section\" data-settings=\"{&quot;background_background&quot;:&quot;classic&quot;,&quot;_ha_eqh_enable&quot;:false}\">\n\t\t\t\t\t\t<div class=\"elementor-container elementor-column-gap-default\">\n\t\t\t\t\t<div class=\"elementor-column elementor-col-50 elementor-top-column elementor-element elementor-element-5a590e7f\" data-id=\"5a590e7f\" data-element_type=\"column\" data-e-type=\"column\" data-settings=\"{&quot;background_background&quot;:&quot;classic&quot;}\">\n\t\t\t<div class=\"elementor-widget-wrap elementor-element-populated\">\n\t\t\t\t\t\t<div class=\"elementor-element elementor-element-31745910 elementor-widget elementor-widget-image\" data-id=\"31745910\" data-element_type=\"widget\" data-e-type=\"widget\" data-widget_type=\"image.default\">\n\t\t\t\t<div class=\"elementor-widget-container\">\n\t\t\t\t\t\t\t\t\t\t\t\t\t\t\t<img decoding=\"async\" width=\"2118\" height=\"1412\" src=\"https:\/\/www.erlebnisakademie.de\/wp-content\/uploads\/DSC05197-zauberer-kasten.jpg\" class=\"attachment-full size-full wp-image-864\" alt=\"\" srcset=\"https:\/\/www.erlebnisakademie.de\/wp-content\/uploads\/DSC05197-zauberer-kasten.jpg 2118w, https:\/\/www.erlebnisakademie.de\/wp-content\/uploads\/DSC05197-zauberer-kasten-300x200.jpg 300w, https:\/\/www.erlebnisakademie.de\/wp-content\/uploads\/DSC05197-zauberer-kasten-1024x683.jpg 1024w, https:\/\/www.erlebnisakademie.de\/wp-content\/uploads\/DSC05197-zauberer-kasten-1536x1024.jpg 1536w, https:\/\/www.erlebnisakademie.de\/wp-content\/uploads\/DSC05197-zauberer-kasten-2048x1365.jpg 2048w\" sizes=\"(max-width: 2118px) 100vw, 2118px\" \/>\t\t\t\t\t\t\t\t\t\t\t\t\t\t\t<\/div>\n\t\t\t\t<\/div>\n\t\t\t\t\t<\/div>\n\t\t<\/div>\n\t\t\t\t<div class=\"elementor-column elementor-col-50 elementor-top-column elementor-element elementor-element-de32396\" data-id=\"de32396\" data-element_type=\"column\" data-e-type=\"column\">\n\t\t\t<div class=\"elementor-widget-wrap elementor-element-populated\">\n\t\t\t\t\t\t<div class=\"elementor-element elementor-element-4bffa722 elementor-widget elementor-widget-heading\" data-id=\"4bffa722\" data-element_type=\"widget\" data-e-type=\"widget\" data-widget_type=\"heading.default\">\n\t\t\t\t<div class=\"elementor-widget-container\">\n\t\t\t\t\t<h2 class=\"elementor-heading-title elementor-size-default\">Zaubergeburtstag<\/h2>\t\t\t\t<\/div>\n\t\t\t\t<\/div>\n\t\t\t\t<div class=\"elementor-element elementor-element-749fa7a5 elementor-widget elementor-widget-text-editor\" data-id=\"749fa7a5\" data-element_type=\"widget\" data-e-type=\"widget\" data-widget_type=\"text-editor.default\">\n\t\t\t\t<div class=\"elementor-widget-container\">\n\t\t\t\t\t\t\t\t\t<p>Bei unserem Zaubergeburtstag f\u00fcr bis zu 12 Kinder (gr\u00f6\u00dfere Gruppen auf Anfrage) k\u00f6nnen sich die kleinen G\u00e4ste (wir empfehlen ein Alter von 6-11 Jahren) verzaubern lassen. In dieser Zaubershow geht einiges \u201cschief\u201d und die Mithilfe der Kinder ist gefragt. Die Dauer der Vorstellung betr\u00e4gt 60 Minuten. Kontaktieren Sie uns gerne, wenn Sie sich f\u00fcr ein Kindergeburtstagsprogramm interessieren und ein Angebot oder n\u00e4here Infos w\u00fcnschen.<\/p>\t\t\t\t\t\t\t\t<\/div>\n\t\t\t\t<\/div>\n\t\t\t\t\t<\/div>\n\t\t<\/div>\n\t\t\t\t\t<\/div>\n\t\t<\/section>\n\t\t\t\t<section class=\"elementor-section elementor-top-section elementor-element elementor-element-af31626 elementor-section-boxed elementor-section-height-default elementor-section-height-default wpr-jarallax-no wpr-parallax-no wpr-sticky-section-no\" data-id=\"af31626\" data-element_type=\"section\" data-e-type=\"section\" data-settings=\"{&quot;background_background&quot;:&quot;classic&quot;,&quot;_ha_eqh_enable&quot;:false}\">\n\t\t\t\t\t\t<div class=\"elementor-container elementor-column-gap-default\">\n\t\t\t\t\t<div class=\"elementor-column elementor-col-50 elementor-top-column elementor-element elementor-element-1d332150\" data-id=\"1d332150\" data-element_type=\"column\" data-e-type=\"column\">\n\t\t\t<div class=\"elementor-widget-wrap elementor-element-populated\">\n\t\t\t\t\t\t<div class=\"elementor-element elementor-element-3b31f7bd elementor-widget elementor-widget-heading\" data-id=\"3b31f7bd\" data-element_type=\"widget\" data-e-type=\"widget\" data-widget_type=\"heading.default\">\n\t\t\t\t<div class=\"elementor-widget-container\">\n\t\t\t\t\t<h2 class=\"elementor-heading-title elementor-size-default\">Graffiti-Geburtstag<\/h2>\t\t\t\t<\/div>\n\t\t\t\t<\/div>\n\t\t\t\t<div class=\"elementor-element elementor-element-32d20bfe elementor-widget elementor-widget-text-editor\" data-id=\"32d20bfe\" data-element_type=\"widget\" data-e-type=\"widget\" data-widget_type=\"text-editor.default\">\n\t\t\t\t<div class=\"elementor-widget-container\">\n\t\t\t\t\t\t\t\t\t<p>Gestaltet euer eigenes Universum auf Leinwand. Mit Hilfe von Spraydosen und anderen Hilfsmitteln k\u00f6nnt ihr unter Anleitung euer Kunstwerk erschaffen. Dieses kann nat\u00fcrlich von den G\u00e4sten mit nach Hause genommen werden \u2013 ihr werdet staunen, was am Ende Tolles dabei herauskommt! Wir empfehlen ein Alter von 7-13 Jahren.<\/p>\t\t\t\t\t\t\t\t<\/div>\n\t\t\t\t<\/div>\n\t\t\t\t\t<\/div>\n\t\t<\/div>\n\t\t\t\t<div class=\"elementor-column elementor-col-50 elementor-top-column elementor-element elementor-element-1fa0e80e\" data-id=\"1fa0e80e\" data-element_type=\"column\" data-e-type=\"column\" data-settings=\"{&quot;background_background&quot;:&quot;classic&quot;}\">\n\t\t\t<div class=\"elementor-widget-wrap elementor-element-populated\">\n\t\t\t\t\t\t<div class=\"elementor-element elementor-element-208111c1 elementor-widget elementor-widget-image\" data-id=\"208111c1\" data-element_type=\"widget\" data-e-type=\"widget\" data-widget_type=\"image.default\">\n\t\t\t\t<div class=\"elementor-widget-container\">\n\t\t\t\t\t\t\t\t\t\t\t\t\t\t\t<img decoding=\"async\" width=\"1600\" height=\"1200\" src=\"https:\/\/www.erlebnisakademie.de\/wp-content\/uploads\/grafitti.jpg\" class=\"attachment-full size-full wp-image-955\" alt=\"\" srcset=\"https:\/\/www.erlebnisakademie.de\/wp-content\/uploads\/grafitti.jpg 1600w, https:\/\/www.erlebnisakademie.de\/wp-content\/uploads\/grafitti-300x225.jpg 300w, https:\/\/www.erlebnisakademie.de\/wp-content\/uploads\/grafitti-1024x768.jpg 1024w, https:\/\/www.erlebnisakademie.de\/wp-content\/uploads\/grafitti-1536x1152.jpg 1536w\" sizes=\"(max-width: 1600px) 100vw, 1600px\" \/>\t\t\t\t\t\t\t\t\t\t\t\t\t\t\t<\/div>\n\t\t\t\t<\/div>\n\t\t\t\t\t<\/div>\n\t\t<\/div>\n\t\t\t\t\t<\/div>\n\t\t<\/section>\n\t\t\t\t<\/div>\n\t\t","protected":false},"excerpt":{"rendered":"<p>Kindergeburtstage Programme f\u00fcr kleine Gruppen und Kindergeburtstage Kleiner Zirkus F\u00fcr Kindergeburtstage oder andere Feste mit bis zu 12 Teilnehmern bieten wir unser Programm\u00a0Kleiner Zirkus\u00a0mit einem Zirkustrainer und 1 \u00bd Stunden Mitmach-Programm (gr\u00f6\u00dfere Gruppen oder andere Zeitr\u00e4ume auf Anfrage). Die Programminhalte sind flexibel, je nach Alter und Interesse der Gruppe. Es gibt die M\u00f6glichkeit in die K\u00fcnste \u201cTellerdrehen\u201d, \u201cJonglage\u201d, \u201cFakirtricks\u201d, \u201cPyramiden\u201d, \u201cDiabolo\u201d und vieles mehr hineinzuschnuppern und tolle Tricks zu erlernen! Der kleine Zirkus passt in jedes Wohnzimmer oder auch in den Garten. Zaubergeburtstag Bei unserem Zaubergeburtstag f\u00fcr bis zu 12 Kinder (gr\u00f6\u00dfere Gruppen auf Anfrage) k\u00f6nnen sich die kleinen G\u00e4ste (wir empfehlen ein Alter von 6-11 Jahren) verzaubern lassen. In dieser Zaubershow geht einiges \u201cschief\u201d und die Mithilfe der Kinder ist gefragt. Die Dauer der Vorstellung betr\u00e4gt 60 Minuten. Kontaktieren Sie uns gerne, wenn Sie sich f\u00fcr ein Kindergeburtstagsprogramm interessieren und ein Angebot oder n\u00e4here Infos w\u00fcnschen. Zaubergeburtstag Bei unserem Zaubergeburtstag f\u00fcr bis zu 12 Kinder (gr\u00f6\u00dfere Gruppen auf Anfrage) k\u00f6nnen sich die kleinen G\u00e4ste (wir empfehlen ein Alter von 6-11 Jahren) verzaubern lassen. In dieser Zaubershow geht einiges \u201cschief\u201d und die Mithilfe der Kinder ist gefragt. Die Dauer der Vorstellung betr\u00e4gt 60 Minuten. Kontaktieren Sie uns gerne, wenn Sie sich f\u00fcr ein Kindergeburtstagsprogramm interessieren und ein Angebot oder n\u00e4here Infos w\u00fcnschen. Graffiti-Geburtstag Gestaltet euer eigenes Universum auf Leinwand. Mit Hilfe von Spraydosen und anderen Hilfsmitteln k\u00f6nnt ihr unter Anleitung euer Kunstwerk erschaffen. Dieses kann nat\u00fcrlich von den G\u00e4sten mit nach Hause genommen werden \u2013 ihr werdet staunen, was am Ende Tolles dabei herauskommt! Wir empfehlen ein Alter von 7-13 Jahren.<\/p>\n","protected":false},"author":2,"featured_media":0,"parent":0,"menu_order":0,"comment_status":"closed","ping_status":"closed","template":"","meta":{"footnotes":""},"class_list":["post-1109","page","type-page","status-publish","hentry"],"_links":{"self":[{"href":"https:\/\/www.erlebnisakademie.de\/index.php\/wp-json\/wp\/v2\/pages\/1109","targetHints":{"allow":["GET"]}}],"collection":[{"href":"https:\/\/www.erlebnisakademie.de\/index.php\/wp-json\/wp\/v2\/pages"}],"about":[{"href":"https:\/\/www.erlebnisakademie.de\/index.php\/wp-json\/wp\/v2\/types\/page"}],"author":[{"embeddable":true,"href":"https:\/\/www.erlebnisakademie.de\/index.php\/wp-json\/wp\/v2\/users\/2"}],"replies":[{"embeddable":true,"href":"https:\/\/www.erlebnisakademie.de\/index.php\/wp-json\/wp\/v2\/comments?post=1109"}],"version-history":[{"count":4,"href":"https:\/\/www.erlebnisakademie.de\/index.php\/wp-json\/wp\/v2\/pages\/1109\/revisions"}],"predecessor-version":[{"id":1113,"href":"https:\/\/www.erlebnisakademie.de\/index.php\/wp-json\/wp\/v2\/pages\/1109\/revisions\/1113"}],"wp:attachment":[{"href":"https:\/\/www.erlebnisakademie.de\/index.php\/wp-json\/wp\/v2\/media?parent=1109"}],"curies":[{"name":"wp","href":"https:\/\/api.w.org\/{rel}","templated":true}]}}