{"id":1124,"date":"2023-03-04T19:59:13","date_gmt":"2023-03-04T19:59:13","guid":{"rendered":"https:\/\/www.erlebnisakademie.de\/?page_id=1124"},"modified":"2024-06-03T10:15:53","modified_gmt":"2024-06-03T10:15:53","slug":"jugendherbergen","status":"publish","type":"page","link":"https:\/\/www.erlebnisakademie.de\/index.php\/jugendherbergen\/","title":{"rendered":"Jugendherbergen"},"content":{"rendered":"\t\t<div data-elementor-type=\"wp-page\" data-elementor-id=\"1124\" class=\"elementor elementor-1124\" data-elementor-settings=\"{&quot;ha_cmc_init_switcher&quot;:&quot;no&quot;}\">\n\t\t\t\t\t\t<section class=\"elementor-section elementor-top-section elementor-element elementor-element-1d6e4a45 elementor-section-height-min-height elementor-section-boxed elementor-section-height-default elementor-section-items-middle wpr-particle-no wpr-jarallax-no wpr-parallax-no wpr-sticky-section-no\" data-id=\"1d6e4a45\" data-element_type=\"section\" data-e-type=\"section\" data-settings=\"{&quot;background_background&quot;:&quot;classic&quot;,&quot;_ha_eqh_enable&quot;:false}\">\n\t\t\t\t\t\t<div class=\"elementor-container elementor-column-gap-default\">\n\t\t\t\t\t<div class=\"elementor-column elementor-col-50 elementor-top-column elementor-element elementor-element-586a94b7\" data-id=\"586a94b7\" data-element_type=\"column\" data-e-type=\"column\">\n\t\t\t<div class=\"elementor-widget-wrap elementor-element-populated\">\n\t\t\t\t\t\t<div class=\"elementor-element elementor-element-5963c216 elementor-widget elementor-widget-heading\" data-id=\"5963c216\" data-element_type=\"widget\" data-e-type=\"widget\" data-widget_type=\"heading.default\">\n\t\t\t\t<div class=\"elementor-widget-container\">\n\t\t\t\t\t<h2 class=\"elementor-heading-title elementor-size-default\">Jugendherbergen<\/h2>\t\t\t\t<\/div>\n\t\t\t\t<\/div>\n\t\t\t\t\t<\/div>\n\t\t<\/div>\n\t\t\t\t<div class=\"elementor-column elementor-col-50 elementor-top-column elementor-element elementor-element-7ab30cec\" data-id=\"7ab30cec\" data-element_type=\"column\" data-e-type=\"column\">\n\t\t\t<div class=\"elementor-widget-wrap\">\n\t\t\t\t\t\t\t<\/div>\n\t\t<\/div>\n\t\t\t\t\t<\/div>\n\t\t<\/section>\n\t\t\t\t<section class=\"elementor-section elementor-top-section elementor-element elementor-element-7f1c5617 elementor-section-boxed elementor-section-height-default elementor-section-height-default wpr-jarallax-no wpr-parallax-no wpr-sticky-section-no\" data-id=\"7f1c5617\" data-element_type=\"section\" data-e-type=\"section\" data-settings=\"{&quot;background_background&quot;:&quot;classic&quot;,&quot;_ha_eqh_enable&quot;:false}\">\n\t\t\t\t\t\t\t<div class=\"elementor-background-overlay\"><\/div>\n\t\t\t\t\t\t\t<div class=\"elementor-container elementor-column-gap-default\">\n\t\t\t\t\t<div class=\"elementor-column elementor-col-50 elementor-top-column elementor-element elementor-element-4ef982c2\" data-id=\"4ef982c2\" data-element_type=\"column\" data-e-type=\"column\">\n\t\t\t<div class=\"elementor-widget-wrap elementor-element-populated\">\n\t\t\t\t\t\t<div class=\"elementor-element elementor-element-44be2677 elementor-widget elementor-widget-text-editor\" data-id=\"44be2677\" data-element_type=\"widget\" data-e-type=\"widget\" data-widget_type=\"text-editor.default\">\n\t\t\t\t<div class=\"elementor-widget-container\">\n\t\t\t\t\t\t\t\t\t<div>Wir bieten bereits seit vielen Jahren unsere Zirkus- und Erlebnisp\u00e4dagogischen Programme auch f\u00fcr Jugendherbergen an. Unsere Partner sind das Naturfreundehaus Berg sowie die Jugendbildungsst\u00e4tte Merzbach. Grunds\u00e4tzlich ist es aber m\u00f6glich, an jeder beliebigen Jugendherberge unser Programm durchzuf\u00fchren.\u00a0<\/div><div>\u00a0<\/div><div>Beliebte Programmformen sind u.a.:<\/div><div>\u00a0<\/div><div><b>Waldprogramm<\/b>\u00a0mit Slackline, Teamaufgaben, Blindenparcours und vielem mehr!\u00a0<\/div><div>\u00a0<\/div><div><b>Teambuildung<\/b>\u00a0f\u00fcr Gruppen ab Klasse 6 st\u00e4rkt das Gruppengef\u00fchl.<\/div><div>\u00a0<\/div><div><b>Zirkusprogramme\u00a0<\/b>in allen Variationen sind aufgrund der Themenvielfalt f\u00fcr alle Altersgruppen geeignet.<\/div><div>\u00a0<\/div><div><b>Abendprogramme\u00a0<\/b>wie z.B. ein Feuerworkshop, eine Zirkusshow oder ein Lichtergang sind ein tolle Ausklang eines spannenden Tages.\u00a0<\/div><div>\u00a0<\/div><div>Kontaktieren Sie uns gerne f\u00fcr mehr Informationen, gerne suchen wir mit Ihnen zusammen die richtigen Programme f\u00fcr Ihre Sch\u00fcler:innen aus!<\/div>\t\t\t\t\t\t\t\t<\/div>\n\t\t\t\t<\/div>\n\t\t\t\t\t<\/div>\n\t\t<\/div>\n\t\t\t\t<div class=\"elementor-column elementor-col-50 elementor-top-column elementor-element elementor-element-2b1e8383\" data-id=\"2b1e8383\" data-element_type=\"column\" data-e-type=\"column\" data-settings=\"{&quot;background_background&quot;:&quot;classic&quot;}\">\n\t\t\t<div class=\"elementor-widget-wrap elementor-element-populated\">\n\t\t\t\t\t\t<div class=\"elementor-element elementor-element-1c5232ea elementor-widget elementor-widget-image\" data-id=\"1c5232ea\" data-element_type=\"widget\" data-e-type=\"widget\" data-widget_type=\"image.default\">\n\t\t\t\t<div class=\"elementor-widget-container\">\n\t\t\t\t\t\t\t\t\t\t\t\t\t\t\t<img fetchpriority=\"high\" decoding=\"async\" width=\"1920\" height=\"1080\" src=\"https:\/\/www.erlebnisakademie.de\/wp-content\/uploads\/d9c08dc8-81d3-41bd-b9db-f515c2e8e68f.jpg\" class=\"attachment-full size-full wp-image-891\" alt=\"\" srcset=\"https:\/\/www.erlebnisakademie.de\/wp-content\/uploads\/d9c08dc8-81d3-41bd-b9db-f515c2e8e68f.jpg 1920w, https:\/\/www.erlebnisakademie.de\/wp-content\/uploads\/d9c08dc8-81d3-41bd-b9db-f515c2e8e68f-300x169.jpg 300w, https:\/\/www.erlebnisakademie.de\/wp-content\/uploads\/d9c08dc8-81d3-41bd-b9db-f515c2e8e68f-1024x576.jpg 1024w, https:\/\/www.erlebnisakademie.de\/wp-content\/uploads\/d9c08dc8-81d3-41bd-b9db-f515c2e8e68f-1536x864.jpg 1536w\" sizes=\"(max-width: 1920px) 100vw, 1920px\" \/>\t\t\t\t\t\t\t\t\t\t\t\t\t\t\t<\/div>\n\t\t\t\t<\/div>\n\t\t\t\t\t<\/div>\n\t\t<\/div>\n\t\t\t\t\t<\/div>\n\t\t<\/section>\n\t\t\t\t<\/div>\n\t\t","protected":false},"excerpt":{"rendered":"<p>Jugendherbergen Wir bieten bereits seit vielen Jahren unsere Zirkus- und Erlebnisp\u00e4dagogischen Programme auch f\u00fcr Jugendherbergen an. Unsere Partner sind das Naturfreundehaus Berg sowie die Jugendbildungsst\u00e4tte Merzbach. Grunds\u00e4tzlich ist es aber m\u00f6glich, an jeder beliebigen Jugendherberge unser Programm durchzuf\u00fchren.\u00a0\u00a0Beliebte Programmformen sind u.a.:\u00a0Waldprogramm\u00a0mit Slackline, Teamaufgaben, Blindenparcours und vielem mehr!\u00a0\u00a0Teambuildung\u00a0f\u00fcr Gruppen ab Klasse 6 st\u00e4rkt das Gruppengef\u00fchl.\u00a0Zirkusprogramme\u00a0in allen Variationen sind aufgrund der Themenvielfalt f\u00fcr alle Altersgruppen geeignet.\u00a0Abendprogramme\u00a0wie z.B. ein Feuerworkshop, eine Zirkusshow oder ein Lichtergang sind ein tolle Ausklang eines spannenden Tages.\u00a0\u00a0Kontaktieren Sie uns gerne f\u00fcr mehr Informationen, gerne suchen wir mit Ihnen zusammen die richtigen Programme f\u00fcr Ihre Sch\u00fcler:innen aus!<\/p>\n","protected":false},"author":2,"featured_media":0,"parent":0,"menu_order":0,"comment_status":"closed","ping_status":"closed","template":"","meta":{"footnotes":""},"class_list":["post-1124","page","type-page","status-publish","hentry"],"_links":{"self":[{"href":"https:\/\/www.erlebnisakademie.de\/index.php\/wp-json\/wp\/v2\/pages\/1124","targetHints":{"allow":["GET"]}}],"collection":[{"href":"https:\/\/www.erlebnisakademie.de\/index.php\/wp-json\/wp\/v2\/pages"}],"about":[{"href":"https:\/\/www.erlebnisakademie.de\/index.php\/wp-json\/wp\/v2\/types\/page"}],"author":[{"embeddable":true,"href":"https:\/\/www.erlebnisakademie.de\/index.php\/wp-json\/wp\/v2\/users\/2"}],"replies":[{"embeddable":true,"href":"https:\/\/www.erlebnisakademie.de\/index.php\/wp-json\/wp\/v2\/comments?post=1124"}],"version-history":[{"count":7,"href":"https:\/\/www.erlebnisakademie.de\/index.php\/wp-json\/wp\/v2\/pages\/1124\/revisions"}],"predecessor-version":[{"id":1132,"href":"https:\/\/www.erlebnisakademie.de\/index.php\/wp-json\/wp\/v2\/pages\/1124\/revisions\/1132"}],"wp:attachment":[{"href":"https:\/\/www.erlebnisakademie.de\/index.php\/wp-json\/wp\/v2\/media?parent=1124"}],"curies":[{"name":"wp","href":"https:\/\/api.w.org\/{rel}","templated":true}]}}