{"id":1126,"date":"2023-03-04T20:01:01","date_gmt":"2023-03-04T20:01:01","guid":{"rendered":"https:\/\/www.erlebnisakademie.de\/?page_id=1126"},"modified":"2026-03-18T11:36:25","modified_gmt":"2026-03-18T11:36:25","slug":"anmeldung-2","status":"publish","type":"page","link":"https:\/\/www.erlebnisakademie.de\/index.php\/anmeldung-2\/","title":{"rendered":"Anmeldung"},"content":{"rendered":"\t\t<div data-elementor-type=\"wp-page\" data-elementor-id=\"1126\" class=\"elementor elementor-1126\" data-elementor-settings=\"{&quot;ha_cmc_init_switcher&quot;:&quot;no&quot;}\">\n\t\t\t\t\t\t<section class=\"elementor-section elementor-top-section elementor-element elementor-element-48e40fca elementor-section-height-min-height elementor-section-boxed elementor-section-height-default elementor-section-items-middle wpr-particle-no wpr-jarallax-no wpr-parallax-no wpr-sticky-section-no\" data-id=\"48e40fca\" data-element_type=\"section\" data-e-type=\"section\" data-settings=\"{&quot;background_background&quot;:&quot;classic&quot;,&quot;_ha_eqh_enable&quot;:false}\">\n\t\t\t\t\t\t<div class=\"elementor-container elementor-column-gap-default\">\n\t\t\t\t\t<div class=\"elementor-column elementor-col-50 elementor-top-column elementor-element elementor-element-6855dddf\" data-id=\"6855dddf\" data-element_type=\"column\" data-e-type=\"column\">\n\t\t\t<div class=\"elementor-widget-wrap elementor-element-populated\">\n\t\t\t\t\t\t<div class=\"elementor-element elementor-element-31b06208 elementor-widget elementor-widget-heading\" data-id=\"31b06208\" data-element_type=\"widget\" data-e-type=\"widget\" data-widget_type=\"heading.default\">\n\t\t\t\t<div class=\"elementor-widget-container\">\n\t\t\t\t\t<h2 class=\"elementor-heading-title elementor-size-default\">Anmeldung<\/h2>\t\t\t\t<\/div>\n\t\t\t\t<\/div>\n\t\t\t\t\t<\/div>\n\t\t<\/div>\n\t\t\t\t<div class=\"elementor-column elementor-col-50 elementor-top-column elementor-element elementor-element-548318f\" data-id=\"548318f\" data-element_type=\"column\" data-e-type=\"column\">\n\t\t\t<div class=\"elementor-widget-wrap\">\n\t\t\t\t\t\t\t<\/div>\n\t\t<\/div>\n\t\t\t\t\t<\/div>\n\t\t<\/section>\n\t\t\t\t<section class=\"elementor-section elementor-top-section elementor-element elementor-element-154f8012 elementor-section-boxed elementor-section-height-default elementor-section-height-default wpr-particle-no wpr-jarallax-no wpr-parallax-no wpr-sticky-section-no\" data-id=\"154f8012\" data-element_type=\"section\" data-e-type=\"section\" data-settings=\"{&quot;background_background&quot;:&quot;classic&quot;,&quot;_ha_eqh_enable&quot;:false}\">\n\t\t\t\t\t\t<div class=\"elementor-container elementor-column-gap-default\">\n\t\t\t\t\t<div class=\"elementor-column elementor-col-50 elementor-top-column elementor-element elementor-element-2cfc9c56\" data-id=\"2cfc9c56\" data-element_type=\"column\" data-e-type=\"column\">\n\t\t\t<div class=\"elementor-widget-wrap elementor-element-populated\">\n\t\t\t\t\t\t<div class=\"elementor-element elementor-element-151984ca elementor-widget elementor-widget-heading\" data-id=\"151984ca\" data-element_type=\"widget\" data-e-type=\"widget\" data-widget_type=\"heading.default\">\n\t\t\t\t<div class=\"elementor-widget-container\">\n\t\t\t\t\t<h2 class=\"elementor-heading-title elementor-size-default\">Anmeldeformulare<\/h2>\t\t\t\t<\/div>\n\t\t\t\t<\/div>\n\t\t\t\t<div class=\"elementor-element elementor-element-2c3423ca elementor-widget elementor-widget-text-editor\" data-id=\"2c3423ca\" data-element_type=\"widget\" data-e-type=\"widget\" data-widget_type=\"text-editor.default\">\n\t\t\t\t<div class=\"elementor-widget-container\">\n\t\t\t\t\t\t\t\t\t<p>Hier k\u00f6nnen Sie unsere Anmeldeformulare herunterladen. Bitte drucken Sie die Formulare aus und senden Sie die ausgef\u00fcllte Anmeldung gerne eingescannt \/ abfotografiert als e-Mail an uns zur\u00fcck. Auch per Post oder Fax ist die Anmeldung m\u00f6glich.<\/p><p>Bitte \u00fcberweisen Sie innerhalb 5 Tagen nach unserer Best\u00e4tigung den Teilnehmerbeitrag, erst dann ist die Anmeldung g\u00fcltig. Die Anmeldung ist verbindlich und kann nicht storniert werden.<\/p><p>Erlebnisakademie e.V.<br \/>Eichenstr. 11<br \/>53359 Rheinbach<\/p><p><strong>Tel:<\/strong> 02226-886 12 93<br \/><a href=\"https:\/\/web.archive.org\/web\/20221002124922\/mailto:info@erlebnisakademie.de\">info@erlebnisakademie.de<\/a><\/p><ul><li><a href=\"https:\/\/www.erlebnisakademie.de\/wp-content\/uploads\/Anmeldung-Malerei-Workshop-Ostern-2026.pdf\">Anmeldung Malerei Workshop Ostern 2026<\/a><\/li><li><a href=\"https:\/\/www.erlebnisakademie.de\/wp-content\/uploads\/Anmeldung-Zirkuswoche-Ostern-2026-1.pdf\">Anmeldung Zirkuswoche Ostern 2026<\/a><\/li><li><a href=\"https:\/\/www.erlebnisakademie.de\/wp-content\/uploads\/Anmeldung-Malerei-Workshop-Sommer-2026.pdf\">Anmeldung Malerei Workshop Sommer 2026<\/a><\/li><li><a href=\"https:\/\/www.erlebnisakademie.de\/wp-content\/uploads\/Anmeldung-Zirkuswochen-Sommer-2026-1.pdf\">Anmeldung Zirkuswochen Sommer 2026<\/a><\/li><li><a href=\"https:\/\/www.erlebnisakademie.de\/wp-content\/uploads\/Anmeldung-Zirkustage-Sommer-2026.pdf\">Anmeldung Zirkustage Sommer 2026<\/a><\/li><li><a href=\"https:\/\/www.erlebnisakademie.de\/wp-content\/uploads\/Anmeldung-Zirkuswoche-Herbst-2026.pdf\">Anmeldung Zirkuswoche Herbst 2026<\/a><\/li><\/ul>\t\t\t\t\t\t\t\t<\/div>\n\t\t\t\t<\/div>\n\t\t\t\t\t<\/div>\n\t\t<\/div>\n\t\t\t\t<div class=\"elementor-column elementor-col-50 elementor-top-column elementor-element elementor-element-285a84aa\" data-id=\"285a84aa\" data-element_type=\"column\" data-e-type=\"column\" data-settings=\"{&quot;background_background&quot;:&quot;classic&quot;}\">\n\t\t\t<div class=\"elementor-widget-wrap\">\n\t\t\t\t\t\t\t<\/div>\n\t\t<\/div>\n\t\t\t\t\t<\/div>\n\t\t<\/section>\n\t\t\t\t<section class=\"elementor-section elementor-top-section elementor-element elementor-element-79402d18 elementor-section-boxed elementor-section-height-default elementor-section-height-default wpr-jarallax-no wpr-parallax-no wpr-sticky-section-no\" data-id=\"79402d18\" data-element_type=\"section\" data-e-type=\"section\" data-settings=\"{&quot;background_background&quot;:&quot;classic&quot;,&quot;_ha_eqh_enable&quot;:false}\">\n\t\t\t\t\t\t<div class=\"elementor-container elementor-column-gap-default\">\n\t\t\t\t\t<div class=\"elementor-column elementor-col-100 elementor-top-column elementor-element elementor-element-3d0240b7\" data-id=\"3d0240b7\" data-element_type=\"column\" data-e-type=\"column\">\n\t\t\t<div class=\"elementor-widget-wrap elementor-element-populated\">\n\t\t\t\t\t\t<section class=\"elementor-section elementor-inner-section elementor-element elementor-element-7c60865 elementor-section-boxed elementor-section-height-default elementor-section-height-default wpr-particle-no wpr-jarallax-no wpr-parallax-no wpr-sticky-section-no\" data-id=\"7c60865\" data-element_type=\"section\" data-e-type=\"section\" data-settings=\"{&quot;_ha_eqh_enable&quot;:false}\">\n\t\t\t\t\t\t<div class=\"elementor-container elementor-column-gap-default\">\n\t\t\t\t\t<div class=\"elementor-column elementor-col-50 elementor-inner-column elementor-element elementor-element-4601182a\" data-id=\"4601182a\" data-element_type=\"column\" data-e-type=\"column\">\n\t\t\t<div class=\"elementor-widget-wrap elementor-element-populated\">\n\t\t\t\t\t\t<div class=\"elementor-element elementor-element-1c1d7dd6 elementor-widget elementor-widget-text-editor\" data-id=\"1c1d7dd6\" data-element_type=\"widget\" data-e-type=\"widget\" data-widget_type=\"text-editor.default\">\n\t\t\t\t<div class=\"elementor-widget-container\">\n\t\t\t\t\t\t\t\t\t<p>Spenden: Erlebnisakademie e.V. \u2013\u00a0 IBAN: DE55370695200 50441016 \u2013 BIC: GENODED1RST (bitte immer mit Betreff \u201cSpende\u201d) Wir k\u00f6nnen als gemeinn\u00fctziger Verein Spendenquittungen ausstellen.<\/p>\t\t\t\t\t\t\t\t<\/div>\n\t\t\t\t<\/div>\n\t\t\t\t\t<\/div>\n\t\t<\/div>\n\t\t\t\t<div class=\"elementor-column elementor-col-50 elementor-inner-column elementor-element elementor-element-16b37d04\" data-id=\"16b37d04\" data-element_type=\"column\" data-e-type=\"column\">\n\t\t\t<div class=\"elementor-widget-wrap elementor-element-populated\">\n\t\t\t\t\t\t<div class=\"elementor-element elementor-element-29a32dae elementor-align-left elementor-mobile-align-center elementor-widget elementor-widget-button\" data-id=\"29a32dae\" data-element_type=\"widget\" data-e-type=\"widget\" data-widget_type=\"button.default\">\n\t\t\t\t<div class=\"elementor-widget-container\">\n\t\t\t\t\t\t\t\t\t<div class=\"elementor-button-wrapper\">\n\t\t\t\t\t<a class=\"elementor-button elementor-button-link elementor-size-md\" href=\"#\">\n\t\t\t\t\t\t<span class=\"elementor-button-content-wrapper\">\n\t\t\t\t\t\t\t\t\t<span class=\"elementor-button-text\">Spenden<\/span>\n\t\t\t\t\t<\/span>\n\t\t\t\t\t<\/a>\n\t\t\t\t<\/div>\n\t\t\t\t\t\t\t\t<\/div>\n\t\t\t\t<\/div>\n\t\t\t\t\t<\/div>\n\t\t<\/div>\n\t\t\t\t\t<\/div>\n\t\t<\/section>\n\t\t\t\t\t<\/div>\n\t\t<\/div>\n\t\t\t\t\t<\/div>\n\t\t<\/section>\n\t\t\t\t<\/div>\n\t\t","protected":false},"excerpt":{"rendered":"<p>Anmeldung Anmeldeformulare Hier k\u00f6nnen Sie unsere Anmeldeformulare herunterladen. Bitte drucken Sie die Formulare aus und senden Sie die ausgef\u00fcllte Anmeldung gerne eingescannt \/ abfotografiert als e-Mail an uns zur\u00fcck. Auch per Post oder Fax ist die Anmeldung m\u00f6glich. Bitte \u00fcberweisen Sie innerhalb 5 Tagen nach unserer Best\u00e4tigung den Teilnehmerbeitrag, erst dann ist die Anmeldung g\u00fcltig. Die Anmeldung ist verbindlich und kann nicht storniert werden. Erlebnisakademie e.V.Eichenstr. 1153359 Rheinbach Tel: 02226-886 12 93info@erlebnisakademie.de Anmeldung Malerei Workshop Ostern 2026 Anmeldung Zirkuswoche Ostern 2026 Anmeldung Malerei Workshop Sommer 2026 Anmeldung Zirkuswochen Sommer 2026 Anmeldung Zirkustage Sommer 2026 Anmeldung Zirkuswoche Herbst 2026 Spenden: Erlebnisakademie e.V. \u2013\u00a0 IBAN: DE55370695200 50441016 \u2013 BIC: GENODED1RST (bitte immer mit Betreff \u201cSpende\u201d) Wir k\u00f6nnen als gemeinn\u00fctziger Verein Spendenquittungen ausstellen. Spenden<\/p>\n","protected":false},"author":2,"featured_media":0,"parent":0,"menu_order":0,"comment_status":"closed","ping_status":"closed","template":"","meta":{"footnotes":""},"class_list":["post-1126","page","type-page","status-publish","hentry"],"_links":{"self":[{"href":"https:\/\/www.erlebnisakademie.de\/index.php\/wp-json\/wp\/v2\/pages\/1126","targetHints":{"allow":["GET"]}}],"collection":[{"href":"https:\/\/www.erlebnisakademie.de\/index.php\/wp-json\/wp\/v2\/pages"}],"about":[{"href":"https:\/\/www.erlebnisakademie.de\/index.php\/wp-json\/wp\/v2\/types\/page"}],"author":[{"embeddable":true,"href":"https:\/\/www.erlebnisakademie.de\/index.php\/wp-json\/wp\/v2\/users\/2"}],"replies":[{"embeddable":true,"href":"https:\/\/www.erlebnisakademie.de\/index.php\/wp-json\/wp\/v2\/comments?post=1126"}],"version-history":[{"count":107,"href":"https:\/\/www.erlebnisakademie.de\/index.php\/wp-json\/wp\/v2\/pages\/1126\/revisions"}],"predecessor-version":[{"id":1691,"href":"https:\/\/www.erlebnisakademie.de\/index.php\/wp-json\/wp\/v2\/pages\/1126\/revisions\/1691"}],"wp:attachment":[{"href":"https:\/\/www.erlebnisakademie.de\/index.php\/wp-json\/wp\/v2\/media?parent=1126"}],"curies":[{"name":"wp","href":"https:\/\/api.w.org\/{rel}","templated":true}]}}