{"id":1179,"date":"2023-03-04T20:18:08","date_gmt":"2023-03-04T20:18:08","guid":{"rendered":"https:\/\/www.erlebnisakademie.de\/?page_id=1179"},"modified":"2023-03-04T20:27:18","modified_gmt":"2023-03-04T20:27:18","slug":"kita","status":"publish","type":"page","link":"https:\/\/www.erlebnisakademie.de\/index.php\/kita\/","title":{"rendered":"Kita"},"content":{"rendered":"\t\t<div data-elementor-type=\"wp-page\" data-elementor-id=\"1179\" class=\"elementor elementor-1179\" data-elementor-settings=\"{&quot;ha_cmc_init_switcher&quot;:&quot;no&quot;}\">\n\t\t\t\t\t\t<section class=\"elementor-section elementor-top-section elementor-element elementor-element-1d6e4a45 elementor-section-height-min-height elementor-section-boxed elementor-section-height-default elementor-section-items-middle wpr-particle-no wpr-jarallax-no wpr-parallax-no wpr-sticky-section-no\" data-id=\"1d6e4a45\" data-element_type=\"section\" data-e-type=\"section\" data-settings=\"{&quot;background_background&quot;:&quot;classic&quot;,&quot;_ha_eqh_enable&quot;:false}\">\n\t\t\t\t\t\t<div class=\"elementor-container elementor-column-gap-default\">\n\t\t\t\t\t<div class=\"elementor-column elementor-col-50 elementor-top-column elementor-element elementor-element-586a94b7\" data-id=\"586a94b7\" data-element_type=\"column\" data-e-type=\"column\">\n\t\t\t<div class=\"elementor-widget-wrap elementor-element-populated\">\n\t\t\t\t\t\t<div class=\"elementor-element elementor-element-5963c216 elementor-widget elementor-widget-heading\" data-id=\"5963c216\" data-element_type=\"widget\" data-e-type=\"widget\" data-widget_type=\"heading.default\">\n\t\t\t\t<div class=\"elementor-widget-container\">\n\t\t\t\t\t<h2 class=\"elementor-heading-title elementor-size-default\">Kita <\/h2>\t\t\t\t<\/div>\n\t\t\t\t<\/div>\n\t\t\t\t\t<\/div>\n\t\t<\/div>\n\t\t\t\t<div class=\"elementor-column elementor-col-50 elementor-top-column elementor-element elementor-element-7ab30cec\" data-id=\"7ab30cec\" data-element_type=\"column\" data-e-type=\"column\">\n\t\t\t<div class=\"elementor-widget-wrap\">\n\t\t\t\t\t\t\t<\/div>\n\t\t<\/div>\n\t\t\t\t\t<\/div>\n\t\t<\/section>\n\t\t\t\t<section class=\"elementor-section elementor-top-section elementor-element elementor-element-7f1c5617 elementor-section-boxed elementor-section-height-default elementor-section-height-default wpr-jarallax-no wpr-parallax-no wpr-sticky-section-no\" data-id=\"7f1c5617\" data-element_type=\"section\" data-e-type=\"section\" data-settings=\"{&quot;background_background&quot;:&quot;classic&quot;,&quot;_ha_eqh_enable&quot;:false}\">\n\t\t\t\t\t\t\t<div class=\"elementor-background-overlay\"><\/div>\n\t\t\t\t\t\t\t<div class=\"elementor-container elementor-column-gap-default\">\n\t\t\t\t\t<div class=\"elementor-column elementor-col-50 elementor-top-column elementor-element elementor-element-4ef982c2\" data-id=\"4ef982c2\" data-element_type=\"column\" data-e-type=\"column\">\n\t\t\t<div class=\"elementor-widget-wrap elementor-element-populated\">\n\t\t\t\t\t\t<div class=\"elementor-element elementor-element-44be2677 elementor-widget elementor-widget-text-editor\" data-id=\"44be2677\" data-element_type=\"widget\" data-e-type=\"widget\" data-widget_type=\"text-editor.default\">\n\t\t\t\t<div class=\"elementor-widget-container\">\n\t\t\t\t\t\t\t\t\t<p>Auch f\u00fcr die Kleinsten haben wir tolle Erlebnisse im Programm! Holt euch den Zirkus in eure\u00a0<span class=\"il\">Kita<\/span>, egal ob f\u00fcr einen Schnuppertag oder eine ganze Woche mit Auff\u00fchrung!<br \/><span style=\"color: #0c0c0c; font-family: Arial;\"><br \/><\/span><strong>Unsere Angebote f\u00fcr Kitas in der \u00dcbersicht:<\/strong><br \/>&#8211; Zirkuswoche mit oder ohne Auff\u00fchrung<br \/>&#8211; Schnupper-Vormittag<br \/>&#8211; Mitmachzirkus f\u00fcr das\u00a0<span class=\"il\">Kita<\/span>-Fest<\/p>\t\t\t\t\t\t\t\t<\/div>\n\t\t\t\t<\/div>\n\t\t\t\t\t<\/div>\n\t\t<\/div>\n\t\t\t\t<div class=\"elementor-column elementor-col-50 elementor-top-column elementor-element elementor-element-2b1e8383\" data-id=\"2b1e8383\" data-element_type=\"column\" data-e-type=\"column\" data-settings=\"{&quot;background_background&quot;:&quot;classic&quot;}\">\n\t\t\t<div class=\"elementor-widget-wrap elementor-element-populated\">\n\t\t\t\t\t\t<div class=\"elementor-element elementor-element-1c5232ea elementor-widget elementor-widget-image\" data-id=\"1c5232ea\" data-element_type=\"widget\" data-e-type=\"widget\" data-widget_type=\"image.default\">\n\t\t\t\t<div class=\"elementor-widget-container\">\n\t\t\t\t\t\t\t\t\t\t\t\t\t\t\t<img fetchpriority=\"high\" decoding=\"async\" width=\"800\" height=\"585\" src=\"https:\/\/www.erlebnisakademie.de\/wp-content\/uploads\/clowns_2015.jpg\" class=\"attachment-full size-full wp-image-125\" alt=\"\" srcset=\"https:\/\/www.erlebnisakademie.de\/wp-content\/uploads\/clowns_2015.jpg 800w, https:\/\/www.erlebnisakademie.de\/wp-content\/uploads\/clowns_2015-300x219.jpg 300w\" sizes=\"(max-width: 800px) 100vw, 800px\" \/>\t\t\t\t\t\t\t\t\t\t\t\t\t\t\t<\/div>\n\t\t\t\t<\/div>\n\t\t\t\t\t<\/div>\n\t\t<\/div>\n\t\t\t\t\t<\/div>\n\t\t<\/section>\n\t\t\t\t<\/div>\n\t\t","protected":false},"excerpt":{"rendered":"<p>Kita Auch f\u00fcr die Kleinsten haben wir tolle Erlebnisse im Programm! Holt euch den Zirkus in eure\u00a0Kita, egal ob f\u00fcr einen Schnuppertag oder eine ganze Woche mit Auff\u00fchrung! Unsere Angebote f\u00fcr Kitas in der \u00dcbersicht:&#8211; Zirkuswoche mit oder ohne Auff\u00fchrung&#8211; Schnupper-Vormittag&#8211; Mitmachzirkus f\u00fcr das\u00a0Kita-Fest<\/p>\n","protected":false},"author":2,"featured_media":0,"parent":0,"menu_order":0,"comment_status":"closed","ping_status":"closed","template":"","meta":{"footnotes":""},"class_list":["post-1179","page","type-page","status-publish","hentry"],"_links":{"self":[{"href":"https:\/\/www.erlebnisakademie.de\/index.php\/wp-json\/wp\/v2\/pages\/1179","targetHints":{"allow":["GET"]}}],"collection":[{"href":"https:\/\/www.erlebnisakademie.de\/index.php\/wp-json\/wp\/v2\/pages"}],"about":[{"href":"https:\/\/www.erlebnisakademie.de\/index.php\/wp-json\/wp\/v2\/types\/page"}],"author":[{"embeddable":true,"href":"https:\/\/www.erlebnisakademie.de\/index.php\/wp-json\/wp\/v2\/users\/2"}],"replies":[{"embeddable":true,"href":"https:\/\/www.erlebnisakademie.de\/index.php\/wp-json\/wp\/v2\/comments?post=1179"}],"version-history":[{"count":4,"href":"https:\/\/www.erlebnisakademie.de\/index.php\/wp-json\/wp\/v2\/pages\/1179\/revisions"}],"predecessor-version":[{"id":1188,"href":"https:\/\/www.erlebnisakademie.de\/index.php\/wp-json\/wp\/v2\/pages\/1179\/revisions\/1188"}],"wp:attachment":[{"href":"https:\/\/www.erlebnisakademie.de\/index.php\/wp-json\/wp\/v2\/media?parent=1179"}],"curies":[{"name":"wp","href":"https:\/\/api.w.org\/{rel}","templated":true}]}}